{"id":2229,"date":"2025-04-16T10:23:07","date_gmt":"2025-04-16T09:23:07","guid":{"rendered":"https:\/\/dev-ratubagus.brightonwebdesign-hosting.com\/startseite\/"},"modified":"2025-11-14T13:27:34","modified_gmt":"2025-11-14T13:27:34","slug":"startseite","status":"publish","type":"page","link":"https:\/\/dev-ratubagus.brightonwebdesign-hosting.com\/de\/","title":{"rendered":"Startseite"},"content":{"rendered":"<p>[et_pb_section fb_built=&#8220;1&#8243; _builder_version=&#8220;4.27.4&#8243; _module_preset=&#8220;default&#8220; custom_padding=&#8220;0px||0px||false|false&#8220; global_colors_info=&#8220;{}&#8220;][et_pb_row _builder_version=&#8220;4.27.4&#8243; _module_preset=&#8220;default&#8220; width=&#8220;100%&#8220; max_width=&#8220;100%&#8220; custom_padding=&#8220;0px||||false|false&#8220; global_colors_info=&#8220;{}&#8220;][et_pb_column type=&#8220;4_4&#8243; _builder_version=&#8220;4.27.4&#8243; _module_preset=&#8220;default&#8220; global_colors_info=&#8220;{}&#8220;][et_pb_slider use_text_overlay=&#8220;off&#8220; _builder_version=&#8220;4.27.4&#8243; _module_preset=&#8220;default&#8220; header_text_align=&#8220;left&#8220; header_text_color=&#8220;#fbeb42&#8243; body_font_size=&#8220;16px&#8220; use_background_color_gradient=&#8220;on&#8220; background_color_gradient_stops=&#8220;rgba(43,135,218,0) 0%|rgba(0,0,0,0.73) 100%&#8220; background_color_gradient_overlays_image=&#8220;on&#8220; custom_button=&#8220;on&#8220; button_text_size=&#8220;15px&#8220; button_border_width=&#8220;0px&#8220; button_font=&#8220;|||on|||||&#8220; text_orientation=&#8220;left&#8220; content_width=&#8220;600px&#8220; content_width_tablet=&#8220;80%&#8220; content_width_phone=&#8220;90%&#8220; content_width_last_edited=&#8220;on|phone&#8220; height_tablet=&#8220;500px&#8220; height_phone=&#8220;300px&#8220; height_last_edited=&#8220;on|tablet&#8220; custom_padding=&#8220;300px||100px||false|false&#8220; custom_padding_tablet=&#8220;200px||50px||false|false&#8220; custom_padding_phone=&#8220;0px||0px||false|false&#8220; custom_padding_last_edited=&#8220;on|phone&#8220; auto=&#8220;on&#8220; auto_speed=&#8220;9000&#8243; header_font_size_tablet=&#8220;44px&#8220; header_font_size_phone=&#8220;36px&#8220; header_font_size_last_edited=&#8220;on|phone&#8220; body_font_size_tablet=&#8220;20px&#8220; body_font_size_phone=&#8220;18px&#8220; body_font_size_last_edited=&#8220;on|phone&#8220; global_colors_info=&#8220;{}&#8220; header_text_color__hover_enabled=&#8220;off|hover&#8220;][et_pb_slide _builder_version=&#8220;4.27.4&#8243; _module_preset=&#8220;default&#8220; header_font=&#8220;|||||||#FFFFFF|&#8220; background_image=&#8220;https:\/\/dev-ratubagus.brightonwebdesign-hosting.com\/wp-content\/uploads\/2025\/11\/Ratu-smile.jpg&#8220; background_enable_image=&#8220;on&#8220; global_colors_info=&#8220;{}&#8220; header_text_color__hover_enabled=&#8220;on|hover&#8220; header_text_color__hover=&#8220;rgba(255,255,255,0.86)&#8220; sticky_transition=&#8220;on&#8220;]<\/p>\n<p>.<\/p>\n<p><span style=\"color: #808080;\">.<\/span><\/p>\n<p><span style=\"color: #808080;\">.<\/span><\/p>\n<h2>Om Swastiastu Ratu Bagus<\/h2>\n<h3><span style=\"color: #ffcc00;\"><span class=\"HwtZe\" lang=\"de\"><span class=\"jCAhz ChMk0b\"><span class=\"ryNqvb\">Sch\u00fctteln<\/span><\/span><\/span> <span class=\"HwtZe\" lang=\"de\"><span class=\"jCAhz ChMk0b\"><span class=\"ryNqvb\">kommt aus der Seele, aus unseren Gef\u00fchlen<\/span><\/span><\/span><\/span><\/h3>\n<p>[\/et_pb_slide][et_pb_slide heading=&#8220;Gl\u00fccklich&#8220; _builder_version=&#8220;4.27.4&#8243; _module_preset=&#8220;default&#8220; background_image=&#8220;https:\/\/dev-ratubagus.brightonwebdesign-hosting.com\/wp-content\/uploads\/2025\/04\/Ratu-Bagus-header-2.jpg&#8220; background_enable_image=&#8220;on&#8220; global_colors_info=&#8220;{}&#8220; sticky_transition=&#8220;on&#8220;][\/et_pb_slide][et_pb_slide heading=&#8220;Ratu ist die Natur&#8220; _builder_version=&#8220;4.27.4&#8243; _module_preset=&#8220;default&#8220; background_image=&#8220;https:\/\/dev-ratubagus.brightonwebdesign-hosting.com\/wp-content\/uploads\/2025\/11\/Mount-Agung.jpg&#8220; background_enable_image=&#8220;on&#8220; global_colors_info=&#8220;{}&#8220; sticky_transition=&#8220;on&#8220;]<\/p>\n<h3><span class=\"HwtZe\" lang=\"de\"><span class=\"jCAhz ChMk0b\"><span class=\"ryNqvb\">Unser wahrer Lehrer ist die Natur<\/span><\/span><\/span><\/h3>\n<p>[\/et_pb_slide][et_pb_slide _builder_version=&#8220;4.27.4&#8243; _module_preset=&#8220;default&#8220; background_image=&#8220;https:\/\/dev-ratubagus.brightonwebdesign-hosting.com\/wp-content\/uploads\/2025\/11\/Ratu-in-front-cocos-tree.jpg&#8220; background_enable_image=&#8220;on&#8220; global_colors_info=&#8220;{}&#8220; sticky_transition=&#8220;on&#8220;]<\/p>\n<h1><span class=\"HwtZe\" lang=\"de\" style=\"color: #ffcc00;\"><span class=\"jCAhz ChMk0b\"><span class=\"ryNqvb\">Sei aktiv, positiv und kreativ!<\/span><\/span><\/span><\/h1>\n<p>[\/et_pb_slide][et_pb_slide _builder_version=&#8220;4.27.4&#8243; _dynamic_attributes=&#8220;link_option_url&#8220; _module_preset=&#8220;default&#8220; header_text_color=&#8220;#F1C214&#8243; background_image=&#8220;https:\/\/dev-ratubagus.brightonwebdesign-hosting.com\/wp-content\/uploads\/2025\/10\/Ratu-on-couch.jpg&#8220; background_enable_image=&#8220;on&#8220; link_option_url=&#8220;@ET-DC@eyJkeW5hbWljIjp0cnVlLCJjb250ZW50IjoicG9zdF9saW5rX3VybF9wYWdlIiwic2V0dGluZ3MiOnsicG9zdF9pZCI6IjIzMiJ9fQ==@&#8220; global_colors_info=&#8220;{}&#8220; header_text_color__hover_enabled=&#8220;on|hover&#8220; header_text_color__hover=&#8220;#F39200&#8243; sticky_transition=&#8220;on&#8220;]<\/p>\n<p><span style=\"color: #000000;\">.<\/span><\/p>\n<p><span style=\"color: #000000;\">.<\/span><\/p>\n<p><span style=\"color: #000000;\">.<\/span><\/p>\n<h2><span style=\"color: #ffcc00;\">Eine Nachricht von Ratu<\/span><\/h2>\n<h3>Lachen ist gl\u00fccklich sein<\/h3>\n<h3><span class=\"HwtZe\" lang=\"de\" style=\"color: #00ffff;\"><span class=\"jCAhz ChMk0b\"><span class=\"ryNqvb\">Klicken Sie hier, um mehr zu erfahren<\/span><\/span><\/span><\/h3>\n<p>[\/et_pb_slide][\/et_pb_slider][\/et_pb_column][\/et_pb_row][\/et_pb_section][et_pb_section fb_built=&#8220;1&#8243; custom_padding_last_edited=&#8220;on|phone&#8220; _builder_version=&#8220;4.27.4&#8243; _module_preset=&#8220;default&#8220; custom_padding=&#8220;0px|||||&#8220; custom_padding_tablet=&#8220;0px||10px||false|false&#8220; custom_padding_phone=&#8220;||0px||false|false&#8220; global_colors_info=&#8220;{}&#8220;][et_pb_row _builder_version=&#8220;4.27.4&#8243; _module_preset=&#8220;default&#8220; global_colors_info=&#8220;{}&#8220;][et_pb_column type=&#8220;4_4&#8243; _builder_version=&#8220;4.27.4&#8243; _module_preset=&#8220;default&#8220; global_colors_info=&#8220;{}&#8220;][et_pb_heading title=&#8220;Der Schl\u00fcssel zum Gl\u00fcck&#8220; _builder_version=&#8220;4.27.4&#8243; _module_preset=&#8220;default&#8220; title_text_align=&#8220;center&#8220; title_text_color=&#8220;#F74B13&#8243; title_font_size=&#8220;51px&#8220; custom_margin=&#8220;0px||30px||false|false&#8220; custom_margin_tablet=&#8220;30px||-10px||false|false&#8220; custom_margin_phone=&#8220;40px||-20px||false|false&#8220; custom_margin_last_edited=&#8220;off|desktop&#8220; title_font_size_tablet=&#8220;40px&#8220; title_font_size_phone=&#8220;36px&#8220; title_font_size_last_edited=&#8220;on|tablet&#8220; global_colors_info=&#8220;{}&#8220;][\/et_pb_heading][et_pb_image src=&#8220;https:\/\/dev-ratubagus.brightonwebdesign-hosting.com\/wp-content\/uploads\/2025\/04\/Ratu-Bagus-icon.jpg&#8220; alt=&#8220;Ratu Bagus Symbol&#8220; title_text=&#8220;Ratu Bagus Symbol&#8220; align=&#8220;center&#8220; _builder_version=&#8220;4.27.4&#8243; _module_preset=&#8220;default&#8220; global_colors_info=&#8220;{}&#8220;][\/et_pb_image][et_pb_text _builder_version=&#8220;4.27.4&#8243; _module_preset=&#8220;default&#8220; text_font=&#8220;|300|||||||&#8220; text_font_size=&#8220;23px&#8220; text_line_height=&#8220;1.6em&#8220; text_orientation=&#8220;center&#8220; max_width=&#8220;900px&#8220; module_alignment=&#8220;center&#8220; custom_margin=&#8220;||22px||false|false&#8220; text_font_size_tablet=&#8220;23px&#8220; text_font_size_phone=&#8220;18px&#8220; text_font_size_last_edited=&#8220;on|phone&#8220; text_line_height_tablet=&#8220;1.6em&#8220; text_line_height_phone=&#8220;1.4em&#8220; text_line_height_last_edited=&#8220;on|phone&#8220; global_colors_info=&#8220;{}&#8220;]<strong>Ratu Bagus<\/strong> ist ein Meister der Lebensenergie, der in seinem Ashram in Bali, wo er auch lebte, die Sch\u00fcttelmeditation lehrte. Diese Meditationsform hilft, den Fluss unserer nat\u00fcrlichen Lebensenergie zu befreien und zu verst\u00e4rken. Sie ist auch unter dem Namen Bioenergie-Meditation oder Shaking Yoga bekannt. <\/p>\n<p>Diese Praxis verbindet uns mit unserer Seele und mit der Natur. Es kann die Blockaden l\u00f6sen, die uns daran hindern, ein gesundes und gl\u00fcckliches Leben zu f\u00fchren.<br \/>\n[\/et_pb_text][et_pb_heading title=&#8220;Willkommen im Ratu Bagus Ashram&#8220; _builder_version=&#8220;4.27.4&#8243; _module_preset=&#8220;default&#8220; title_level=&#8220;h2&#8243; title_text_align=&#8220;center&#8220; title_text_color=&#8220;#F74B13&#8243; title_font_size=&#8220;40px&#8220; title_line_height=&#8220;1.2em&#8220; custom_margin=&#8220;80px||-10px||false|false&#8220; custom_margin_tablet=&#8220;30px||-10px||false|false&#8220; custom_margin_phone=&#8220;40px||-20px||false|false&#8220; custom_margin_last_edited=&#8220;on|desktop&#8220; title_font_size_tablet=&#8220;32px&#8220; title_font_size_phone=&#8220;26px&#8220; title_font_size_last_edited=&#8220;on|phone&#8220; global_colors_info=&#8220;{}&#8220;][\/et_pb_heading][\/et_pb_column][\/et_pb_row][et_pb_row _builder_version=&#8220;4.27.4&#8243; _module_preset=&#8220;default&#8220; background_color=&#8220;rgba(247,75,19,0.1)&#8220; width=&#8220;100%&#8220; max_width=&#8220;100%&#8220; custom_padding=&#8220;0px||0px||false|false&#8220; global_colors_info=&#8220;{}&#8220;][et_pb_column type=&#8220;4_4&#8243; _builder_version=&#8220;4.27.4&#8243; _module_preset=&#8220;default&#8220; global_colors_info=&#8220;{}&#8220;][et_pb_video src=&#8220;https:\/\/youtu.be\/ImI5WM3No9s?si=FiW2ORqCdEoPbux-&#8220; image_src=&#8220;https:\/\/dev-ratubagus.brightonwebdesign-hosting.com\/wp-content\/uploads\/2025\/04\/Video-overlay.jpg&#8220; play_icon_color=&#8220;#FFFFFF&#8220; thumbnail_overlay_color=&#8220;rgba(247,75,19,0.7)&#8220; _builder_version=&#8220;4.27.4&#8243; _module_preset=&#8220;default&#8220; max_width=&#8220;1080px&#8220; module_alignment=&#8220;center&#8220; global_colors_info=&#8220;{}&#8220;][\/et_pb_video][\/et_pb_column][\/et_pb_row][et_pb_row _builder_version=&#8220;4.27.4&#8243; _module_preset=&#8220;default&#8220; custom_padding=&#8220;80px||||false|false&#8220; locked=&#8220;off&#8220; global_colors_info=&#8220;{}&#8220;][et_pb_column type=&#8220;4_4&#8243; _builder_version=&#8220;4.27.4&#8243; _module_preset=&#8220;default&#8220; global_colors_info=&#8220;{}&#8220;][dpdfg_filtergrid include_categories=&#8220;141&#8243; post_number=&#8220;6&#8243; thumbnail_size=&#8220;dfg_full&#8220; show_author=&#8220;off&#8220; show_content=&#8220;on&#8220; read_more=&#8220;on&#8220; show_custom_fields=&#8220;on&#8220; custom_fields=&#8220;%91{%22name%22:%22country%22,%22label%22:%22%22},{%22name%22:%22date%22,%22label%22:%22%22}%93&#8243; show_filters=&#8220;off&#8220; show_pagination=&#8220;off&#8220; filters_width=&#8220;3&#8243; items_width=&#8220;30%&#8220; column_gutter=&#8220;3%&#8220; primary_view=&#8220;%91{%22name%22:%22thumbnail%22,%22show%22:%22on%22},{%22name%22:%22overlay%22,%22show%22:%22on%22},{%22name%22:%22title%22,%22show%22:%22off%22},{%22name%22:%22custom_content%22,%22show%22:%22off%22},{%22name%22:%22meta%22,%22show%22:%22off%22},{%22name%22:%22ext%22,%22show%22:%22off%22},{%22name%22:%22content%22,%22show%22:%22off%22},{%22name%22:%22action_button%22,%22show%22:%22off%22},{%22name%22:%22read_more_button%22,%22show%22:%22off%22}%93&#8243; use_overlay_icon=&#8220;off&#8220; hover_overlay_color=&#8220;rgba(0,0,0,0.29)&#8220; bg_items=&#8220;#F1C214&#8243; _builder_version=&#8220;4.27.4&#8243; _module_preset=&#8220;default&#8220; dpdfg_entry_title_text_align=&#8220;center&#8220; dpdfg_entry_title_text_color=&#8220;#FFFFFF&#8220; dpdfg_entry_title_font_size=&#8220;29px&#8220; dpdfg_entry_title_line_height=&#8220;1.3em&#8220; dpdfg_entry_meta_text_align=&#8220;center&#8220; dpdfg_entry_meta_text_color=&#8220;#000000&#8243; dpdfg_entry_meta_font_size=&#8220;0px&#8220; dpdfg_entry_meta_line_height=&#8220;1em&#8220; dpdfg_entry_summary_text_align=&#8220;center&#8220; dpdfg_entry_summary_text_color=&#8220;#000000&#8243; dpdfg_entry_summary_font_size=&#8220;20px&#8220; dpdfg_entry_cf_label_text_color=&#8220;#EFEFEF&#8220; dpdfg_entry_cf_value_font=&#8220;&#8211;et_global_heading_font||||||||&#8220; dpdfg_entry_cf_value_text_color=&#8220;#FFFFFF&#8220; dpdfg_entry_cf_value_font_size=&#8220;24px&#8220; dpdfg_entry_cf_value_line_height=&#8220;1.1em&#8220; dpdfg_entry_custom_font=&#8220;|600|||||||&#8220; dpdfg_entry_custom_text_align=&#8220;center&#8220; dpdfg_entry_custom_font_size=&#8220;15px&#8220; background_color=&#8220;RGBA(255,255,255,0)&#8220; custom_read_more_button=&#8220;on&#8220; read_more_button_text_color=&#8220;#FFFFFF&#8220; read_more_button_bg_color=&#8220;#F74B13&#8243; read_more_button_border_width=&#8220;1px&#8220; read_more_button_border_color=&#8220;#FFFFFF&#8220; read_more_button_border_radius=&#8220;20px&#8220; read_more_button_font=&#8220;|||on|||||&#8220; read_more_button_custom_margin=&#8220;30px||30px||false|false&#8220; custom_padding=&#8220;||||false|false&#8220; hover_enabled=&#8220;0&#8243; custom_css_entry-header=&#8220;margin-top: 20px&#8220; custom_css_entry-summary=&#8220;padding-left: 20px; padding-right: 20px&#8220; box_shadow_style=&#8220;preset1&#8243; global_colors_info=&#8220;{}&#8220; read_more_button_bg_color__hover_enabled=&#8220;on|desktop&#8220; read_more_button_bg_color__hover=&#8220;#ce4310&#8243; read_more_button_bg_enable_color__hover=&#8220;on&#8220; sticky_enabled=&#8220;0&#8243;][\/dpdfg_filtergrid][\/et_pb_column][\/et_pb_row][\/et_pb_section][et_pb_section fb_built=&#8220;1&#8243; custom_padding_last_edited=&#8220;on|phone&#8220; _builder_version=&#8220;4.27.4&#8243; _module_preset=&#8220;default&#8220; custom_padding=&#8220;||173px|||&#8220; custom_padding_tablet=&#8220;||100px||false|false&#8220; custom_padding_phone=&#8220;||70px||false|false&#8220; global_colors_info=&#8220;{}&#8220;][et_pb_row _builder_version=&#8220;4.27.4&#8243; _dynamic_attributes=&#8220;link_option_url&#8220; _module_preset=&#8220;default&#8220; use_background_color_gradient=&#8220;on&#8220; background_color_gradient_stops=&#8220;rgba(0,0,0,0.53) 0%|rgba(247,75,19,0) 100%&#8220; background_color_gradient_overlays_image=&#8220;on&#8220; background_image=&#8220;https:\/\/dev-ratubagus.brightonwebdesign-hosting.com\/wp-content\/uploads\/2025\/04\/How-to-visit.jpg&#8220; background_position=&#8220;top_center&#8220; width=&#8220;100%&#8220; max_width=&#8220;100%&#8220; custom_padding=&#8220;100px||300px||false|false&#8220; link_option_url=&#8220;@ET-DC@eyJkeW5hbWljIjp0cnVlLCJjb250ZW50IjoicG9zdF9saW5rX3VybF9wb3N0Iiwic2V0dGluZ3MiOnsicG9zdF9pZCI6Ijg3MCJ9fQ==@&#8220; global_colors_info=&#8220;{}&#8220; background__hover_enabled=&#8220;on|desktop&#8220; background_color_gradient_stops__hover=&#8220;rgba(247,75,19,0.79) 0%|rgba(247,75,19,0.64) 100%&#8220; use_background_color_gradient__hover=&#8220;on&#8220; background_color_gradient_overlays_image__hover=&#8220;on&#8220;][et_pb_column type=&#8220;4_4&#8243; _builder_version=&#8220;4.27.4&#8243; _module_preset=&#8220;default&#8220; global_colors_info=&#8220;{}&#8220;][et_pb_heading title=&#8220;Ashram &#8211; Was muss man beim Besuch beachten?&#8220; _builder_version=&#8220;4.27.4&#8243; _module_preset=&#8220;default&#8220; title_level=&#8220;h2&#8243; title_text_align=&#8220;center&#8220; title_text_color=&#8220;#FFFFFF&#8220; title_font_size=&#8220;57px&#8220; custom_margin=&#8220;||10px||false|false&#8220; global_colors_info=&#8220;{}&#8220;][\/et_pb_heading][et_pb_text _builder_version=&#8220;4.27.4&#8243; _module_preset=&#8220;default&#8220; text_text_color=&#8220;#FFFFFF&#8220; text_font_size=&#8220;25px&#8220; text_line_height=&#8220;1.2em&#8220; text_orientation=&#8220;center&#8220; max_width_tablet=&#8220;80%&#8220; max_width_phone=&#8220;90%&#8220; max_width_last_edited=&#8220;on|phone&#8220; module_alignment=&#8220;center&#8220; global_colors_info=&#8220;{}&#8220;]Den Ashramaufenthalt buchen, Transfer vom und zum Flughafen, Visavorschriften und Bekleidungsregeln.<br \/>\n[\/et_pb_text][\/et_pb_column][\/et_pb_row][et_pb_row _builder_version=&#8220;4.27.4&#8243; _module_preset=&#8220;default&#8220; global_colors_info=&#8220;{}&#8220;][et_pb_column type=&#8220;4_4&#8243; _builder_version=&#8220;4.27.4&#8243; _module_preset=&#8220;default&#8220; global_colors_info=&#8220;{}&#8220;][et_pb_image src=&#8220;https:\/\/dev-ratubagus.brightonwebdesign-hosting.com\/wp-content\/uploads\/2025\/04\/Ratu-Bagus-icon.jpg&#8220; alt=&#8220;Ratu Bagus Symbol&#8220; title_text=&#8220;Ratu Bagus Symbol&#8220; align=&#8220;center&#8220; _builder_version=&#8220;4.27.4&#8243; _module_preset=&#8220;default&#8220; custom_margin=&#8220;20px||0px||false|false&#8220; global_colors_info=&#8220;{}&#8220;][\/et_pb_image][et_pb_heading title=&#8220;Agenda und bevorstehende Retreats auf der ganzen Welt&#8220; _builder_version=&#8220;4.27.4&#8243; _module_preset=&#8220;default&#8220; title_level=&#8220;h2&#8243; title_text_align=&#8220;center&#8220; title_text_color=&#8220;#F74B13&#8243; title_font_size=&#8220;40px&#8220; title_line_height=&#8220;1.2em&#8220; custom_margin=&#8220;30px||||false|false&#8220; custom_margin_tablet=&#8220;30px||-10px||false|false&#8220; custom_margin_phone=&#8220;40px||-20px||false|false&#8220; custom_margin_last_edited=&#8220;off|desktop&#8220; title_font_size_tablet=&#8220;32px&#8220; title_font_size_phone=&#8220;26px&#8220; title_font_size_last_edited=&#8220;on|phone&#8220; global_colors_info=&#8220;{}&#8220;][\/et_pb_heading][\/et_pb_column][\/et_pb_row][et_pb_row _builder_version=&#8220;4.27.4&#8243; _module_preset=&#8220;default&#8220; global_colors_info=&#8220;{}&#8220;][et_pb_column type=&#8220;4_4&#8243; _builder_version=&#8220;4.27.4&#8243; _module_preset=&#8220;default&#8220; global_colors_info=&#8220;{}&#8220;][dpdfg_filtergrid include_categories=&#8220;5&#8243; post_number=&#8220;6&#8243; order=&#8220;ASC&#8220; thumbnail_size=&#8220;dfg_full&#8220; show_author=&#8220;off&#8220; show_content=&#8220;on&#8220; read_more=&#8220;on&#8220; show_custom_fields=&#8220;on&#8220; custom_fields=&#8220;%91{%22name%22:%22country%22,%22label%22:%22%22},{%22name%22:%22date%22,%22label%22:%22%22}%93&#8243; show_filters=&#8220;off&#8220; show_pagination=&#8220;off&#8220; filters_width=&#8220;3&#8243; items_width=&#8220;30%&#8220; column_gutter=&#8220;3%&#8220; primary_view=&#8220;%91{%22name%22:%22thumbnail%22,%22show%22:%22on%22},{%22name%22:%22overlay%22,%22show%22:%22on%22},{%22name%22:%22title%22,%22show%22:%22off%22},{%22name%22:%22custom_content%22,%22show%22:%22off%22},{%22name%22:%22meta%22,%22show%22:%22off%22},{%22name%22:%22ext%22,%22show%22:%22off%22},{%22name%22:%22content%22,%22show%22:%22off%22},{%22name%22:%22action_button%22,%22show%22:%22off%22},{%22name%22:%22read_more_button%22,%22show%22:%22off%22}%93&#8243; use_overlay_icon=&#8220;off&#8220; hover_overlay_color=&#8220;rgba(0,0,0,0.29)&#8220; bg_items=&#8220;#F1C214&#8243; _builder_version=&#8220;4.27.4&#8243; _module_preset=&#8220;default&#8220; dpdfg_entry_title_text_align=&#8220;center&#8220; dpdfg_entry_title_text_color=&#8220;#FFFFFF&#8220; dpdfg_entry_title_font_size=&#8220;29px&#8220; dpdfg_entry_title_line_height=&#8220;1.3em&#8220; dpdfg_entry_meta_text_align=&#8220;center&#8220; dpdfg_entry_meta_text_color=&#8220;#000000&#8243; dpdfg_entry_meta_font_size=&#8220;0px&#8220; dpdfg_entry_meta_line_height=&#8220;1em&#8220; dpdfg_entry_summary_text_align=&#8220;center&#8220; dpdfg_entry_summary_text_color=&#8220;#000000&#8243; dpdfg_entry_summary_font_size=&#8220;20px&#8220; dpdfg_entry_cf_label_text_color=&#8220;#EFEFEF&#8220; dpdfg_entry_cf_value_font=&#8220;&#8211;et_global_heading_font||||||||&#8220; dpdfg_entry_cf_value_text_color=&#8220;#FFFFFF&#8220; dpdfg_entry_cf_value_font_size=&#8220;24px&#8220; dpdfg_entry_cf_value_line_height=&#8220;1.1em&#8220; dpdfg_entry_custom_font=&#8220;|600|||||||&#8220; dpdfg_entry_custom_text_align=&#8220;center&#8220; dpdfg_entry_custom_font_size=&#8220;15px&#8220; background_color=&#8220;RGBA(255,255,255,0)&#8220; custom_read_more_button=&#8220;on&#8220; read_more_button_text_color=&#8220;#FFFFFF&#8220; read_more_button_bg_color=&#8220;#F74B13&#8243; read_more_button_border_width=&#8220;1px&#8220; read_more_button_border_color=&#8220;#FFFFFF&#8220; read_more_button_border_radius=&#8220;20px&#8220; read_more_button_font=&#8220;|||on|||||&#8220; read_more_button_custom_margin=&#8220;30px||30px||false|false&#8220; custom_padding=&#8220;||||false|false&#8220; custom_css_entry-header=&#8220;margin-top: 20px&#8220; custom_css_entry-summary=&#8220;padding-left: 20px; padding-right: 20px&#8220; box_shadow_style=&#8220;preset1&#8243; global_colors_info=&#8220;{}&#8220; read_more_button_bg_color__hover_enabled=&#8220;on|desktop&#8220; read_more_button_bg_color__hover=&#8220;#ce4310&#8243; read_more_button_bg_enable_color__hover=&#8220;on&#8220;][\/dpdfg_filtergrid][et_pb_button button_url=&#8220;https:\/\/dev-ratubagus.brightonwebdesign-hosting.com\/de\/category\/retreats-de\/&#8220; button_text=&#8220;Alle Retreats anzeigen&#8220; button_alignment=&#8220;center&#8220; _builder_version=&#8220;4.27.4&#8243; _module_preset=&#8220;default&#8220; custom_button=&#8220;on&#8220; button_text_size=&#8220;20px&#8220; button_bg_color=&#8220;#F74B13&#8243; button_border_color=&#8220;#F39200&#8243; button_border_radius=&#8220;64px&#8220; button_font=&#8220;|||on|||||&#8220; custom_margin=&#8220;50px||||false|false&#8220; custom_padding=&#8220;|50px||50px|false|false&#8220; global_colors_info=&#8220;{}&#8220; button_bg_color__hover_enabled=&#8220;on|hover&#8220; button_bg_color__hover=&#8220;#F39200&#8243; button_bg_enable_color__hover=&#8220;on&#8220;][\/et_pb_button][\/et_pb_column][\/et_pb_row][\/et_pb_section]<\/p>\n","protected":false},"excerpt":{"rendered":"<p>. . . Om Swastiastu Ratu Bagus Sch\u00fctteln kommt aus der Seele, aus unseren Gef\u00fchlenUnser wahrer Lehrer ist die NaturSei aktiv, positiv und kreativ!. . . Eine Nachricht von Ratu Lachen ist gl\u00fccklich sein Klicken Sie hier, um mehr zu erfahrenRatu Bagus ist ein Meister der Lebensenergie, der in seinem Ashram in Bali, wo er [&hellip;]<\/p>\n","protected":false},"author":1,"featured_media":0,"parent":0,"menu_order":0,"comment_status":"closed","ping_status":"closed","template":"","meta":{"_acf_changed":false,"_et_pb_use_builder":"on","_et_pb_old_content":"","_et_gb_content_width":"","footnotes":""},"categories":[],"tags":[],"class_list":["post-2229","page","type-page","status-publish","hentry"],"acf":[],"publishpress_future_action":{"enabled":false,"date":"2026-04-20 04:16:31","action":"change-status","newStatus":"draft","terms":[],"taxonomy":"category","extraData":[]},"publishpress_future_workflow_manual_trigger":{"enabledWorkflows":[]},"_links":{"self":[{"href":"https:\/\/dev-ratubagus.brightonwebdesign-hosting.com\/de\/wp-json\/wp\/v2\/pages\/2229","targetHints":{"allow":["GET"]}}],"collection":[{"href":"https:\/\/dev-ratubagus.brightonwebdesign-hosting.com\/de\/wp-json\/wp\/v2\/pages"}],"about":[{"href":"https:\/\/dev-ratubagus.brightonwebdesign-hosting.com\/de\/wp-json\/wp\/v2\/types\/page"}],"author":[{"embeddable":true,"href":"https:\/\/dev-ratubagus.brightonwebdesign-hosting.com\/de\/wp-json\/wp\/v2\/users\/1"}],"replies":[{"embeddable":true,"href":"https:\/\/dev-ratubagus.brightonwebdesign-hosting.com\/de\/wp-json\/wp\/v2\/comments?post=2229"}],"version-history":[{"count":52,"href":"https:\/\/dev-ratubagus.brightonwebdesign-hosting.com\/de\/wp-json\/wp\/v2\/pages\/2229\/revisions"}],"predecessor-version":[{"id":6121,"href":"https:\/\/dev-ratubagus.brightonwebdesign-hosting.com\/de\/wp-json\/wp\/v2\/pages\/2229\/revisions\/6121"}],"wp:attachment":[{"href":"https:\/\/dev-ratubagus.brightonwebdesign-hosting.com\/de\/wp-json\/wp\/v2\/media?parent=2229"}],"wp:term":[{"taxonomy":"category","embeddable":true,"href":"https:\/\/dev-ratubagus.brightonwebdesign-hosting.com\/de\/wp-json\/wp\/v2\/categories?post=2229"},{"taxonomy":"post_tag","embeddable":true,"href":"https:\/\/dev-ratubagus.brightonwebdesign-hosting.com\/de\/wp-json\/wp\/v2\/tags?post=2229"}],"curies":[{"name":"wp","href":"https:\/\/api.w.org\/{rel}","templated":true}]}}