{"id":2186,"date":"2025-04-16T10:23:07","date_gmt":"2025-04-16T09:23:07","guid":{"rendered":"https:\/\/dev-ratubagus.brightonwebdesign-hosting.com\/ratu-bagus-la-clave-de-la-felicidad\/"},"modified":"2025-11-14T13:24:20","modified_gmt":"2025-11-14T13:24:20","slug":"ratu-bagus-la-clave-de-la-felicidad","status":"publish","type":"page","link":"https:\/\/dev-ratubagus.brightonwebdesign-hosting.com\/es\/","title":{"rendered":"Inicio"},"content":{"rendered":"<p>[et_pb_section fb_built=\u00bb1&#8243; _builder_version=\u00bb4.27.4&#8243; _module_preset=\u00bbdefault\u00bb custom_padding=\u00bb0px||0px||false|false\u00bb global_colors_info=\u00bb{}\u00bb][et_pb_row _builder_version=\u00bb4.27.4&#8243; _module_preset=\u00bbdefault\u00bb width=\u00bb100%\u00bb max_width=\u00bb100%\u00bb custom_padding=\u00bb0px||||false|false\u00bb global_colors_info=\u00bb{}\u00bb][et_pb_column type=\u00bb4_4&#8243; _builder_version=\u00bb4.27.4&#8243; _module_preset=\u00bbdefault\u00bb global_colors_info=\u00bb{}\u00bb][et_pb_slider use_text_overlay=\u00bboff\u00bb _builder_version=\u00bb4.27.4&#8243; _module_preset=\u00bbdefault\u00bb header_text_align=\u00bbleft\u00bb header_text_color=\u00bb#fbeb42&#8243; body_font_size=\u00bb16px\u00bb use_background_color_gradient=\u00bbon\u00bb background_color_gradient_stops=\u00bbrgba(43,135,218,0) 0%|rgba(0,0,0,0.73) 100%\u00bb background_color_gradient_overlays_image=\u00bbon\u00bb custom_button=\u00bbon\u00bb button_text_size=\u00bb15px\u00bb button_border_width=\u00bb0px\u00bb button_font=\u00bb|||on|||||\u00bb text_orientation=\u00bbleft\u00bb content_width=\u00bb600px\u00bb content_width_tablet=\u00bb80%\u00bb content_width_phone=\u00bb90%\u00bb content_width_last_edited=\u00bbon|phone\u00bb height_tablet=\u00bb500px\u00bb height_phone=\u00bb300px\u00bb height_last_edited=\u00bbon|tablet\u00bb custom_padding=\u00bb300px||100px||false|false\u00bb custom_padding_tablet=\u00bb200px||50px||false|false\u00bb custom_padding_phone=\u00bb0px||0px||false|false\u00bb custom_padding_last_edited=\u00bbon|phone\u00bb auto=\u00bbon\u00bb auto_speed=\u00bb9000&#8243; header_font_size_tablet=\u00bb44px\u00bb header_font_size_phone=\u00bb36px\u00bb header_font_size_last_edited=\u00bbon|phone\u00bb body_font_size_tablet=\u00bb20px\u00bb body_font_size_phone=\u00bb18px\u00bb body_font_size_last_edited=\u00bbon|phone\u00bb global_colors_info=\u00bb{}\u00bb header_text_color__hover_enabled=\u00bboff|hover\u00bb][et_pb_slide _builder_version=\u00bb4.27.4&#8243; _module_preset=\u00bbdefault\u00bb header_font=\u00bb|||||||#FFFFFF|\u00bb background_image=\u00bbhttps:\/\/dev-ratubagus.brightonwebdesign-hosting.com\/wp-content\/uploads\/2025\/11\/Ratu-smile.jpg\u00bb background_enable_image=\u00bbon\u00bb global_colors_info=\u00bb{}\u00bb header_text_color__hover_enabled=\u00bbon|hover\u00bb header_text_color__hover=\u00bbrgba(255,255,255,0.86)\u00bb sticky_transition=\u00bbon\u00bb]<\/p>\n<p><span style=\"color: #808080;\">.<\/span><\/p>\n<p><span style=\"color: #808080;\">.<\/span><\/p>\n<p><span style=\"color: #808080;\">.<\/span><\/p>\n<h2>Om Swastiastu Ratu Bagus<\/h2>\n<h3><span style=\"color: #ffcc00;\">Shaking proviene del alma, de nuestros sentimientos<\/span><\/h3>\n<p>[\/et_pb_slide][et_pb_slide heading=\u00bbFeliz\u00bb _builder_version=\u00bb4.27.4&#8243; _module_preset=\u00bbdefault\u00bb background_image=\u00bbhttps:\/\/dev-ratubagus.brightonwebdesign-hosting.com\/wp-content\/uploads\/2025\/04\/Ratu-Bagus-header-2.jpg\u00bb background_enable_image=\u00bbon\u00bb global_colors_info=\u00bb{}\u00bb sticky_transition=\u00bbon\u00bb][\/et_pb_slide][et_pb_slide heading=\u00bbRatu es Naturaleza\u00bb _builder_version=\u00bb4.27.4&#8243; _module_preset=\u00bbdefault\u00bb background_image=\u00bbhttps:\/\/dev-ratubagus.brightonwebdesign-hosting.com\/wp-content\/uploads\/2025\/11\/Mount-Agung.jpg\u00bb background_enable_image=\u00bbon\u00bb global_colors_info=\u00bb{}\u00bb sticky_transition=\u00bbon\u00bb]<\/p>\n<h3><span class=\"HwtZe\" lang=\"es\"><span class=\"jCAhz ChMk0b\"><span class=\"ryNqvb\">Nuestra verdadera maestra es la Naturaleza<\/span><\/span><\/span><\/h3>\n<p>[\/et_pb_slide][et_pb_slide _builder_version=\u00bb4.27.4&#8243; _module_preset=\u00bbdefault\u00bb background_image=\u00bbhttps:\/\/dev-ratubagus.brightonwebdesign-hosting.com\/wp-content\/uploads\/2025\/11\/Ratu-in-front-cocos-tree.jpg\u00bb background_enable_image=\u00bbon\u00bb global_colors_info=\u00bb{}\u00bb sticky_transition=\u00bbon\u00bb]<\/p>\n<h2><span class=\"HwtZe\" lang=\"es\" style=\"color: #ffcc00;\"><span class=\"jCAhz ChMk0b\"><span class=\"ryNqvb\">\u00a1Seamos activos, positivos y creativos!<\/span><\/span><\/span><\/h2>\n<p>[\/et_pb_slide][et_pb_slide _builder_version=\u00bb4.27.4&#8243; _dynamic_attributes=\u00bblink_option_url\u00bb _module_preset=\u00bbdefault\u00bb header_text_color=\u00bb#F1C214&#8243; background_image=\u00bbhttps:\/\/dev-ratubagus.brightonwebdesign-hosting.com\/wp-content\/uploads\/2025\/10\/Ratu-on-couch.jpg\u00bb background_enable_image=\u00bbon\u00bb link_option_url=\u00bb@ET-DC@eyJkeW5hbWljIjp0cnVlLCJjb250ZW50IjoicG9zdF9saW5rX3VybF9wYWdlIiwic2V0dGluZ3MiOnsicG9zdF9pZCI6IjIzMiIsImVuYWJsZV9odG1sIjoib2ZmIn19@\u00bb global_colors_info=\u00bb{}\u00bb header_text_color__hover_enabled=\u00bbon|hover\u00bb header_text_color__hover=\u00bb#F39200&#8243; sticky_transition=\u00bbon\u00bb]<\/p>\n<p>.<\/p>\n<p><span style=\"color: #000000;\">.<\/span><\/p>\n<p><span style=\"color: #000000;\">.<\/span><\/p>\n<h2><span style=\"color: #ffcc00;\">Un mensaje de Ratu<\/span><\/h2>\n<h3>La risa es felicidad<\/h3>\n<h3><span style=\"color: #00ccff;\">z clic para ver m\u00e1s<\/span><\/h3>\n<p>[\/et_pb_slide][\/et_pb_slider][\/et_pb_column][\/et_pb_row][\/et_pb_section][et_pb_section fb_built=\u00bb1&#8243; custom_padding_last_edited=\u00bbon|phone\u00bb _builder_version=\u00bb4.27.4&#8243; _module_preset=\u00bbdefault\u00bb custom_padding=\u00bb0px|||||\u00bb custom_padding_tablet=\u00bb0px||10px||false|false\u00bb custom_padding_phone=\u00bb||0px||false|false\u00bb global_colors_info=\u00bb{}\u00bb][et_pb_row _builder_version=\u00bb4.27.4&#8243; _module_preset=\u00bbdefault\u00bb global_colors_info=\u00bb{}\u00bb][et_pb_column type=\u00bb4_4&#8243; _builder_version=\u00bb4.27.4&#8243; _module_preset=\u00bbdefault\u00bb global_colors_info=\u00bb{}\u00bb][et_pb_heading title=\u00bbLa clave de la felicidad\u00bb _builder_version=\u00bb4.27.4&#8243; _module_preset=\u00bbdefault\u00bb title_text_align=\u00bbcenter\u00bb title_text_color=\u00bb#F74B13&#8243; title_font_size=\u00bb51px\u00bb custom_margin=\u00bb0px||30px||false|false\u00bb custom_margin_tablet=\u00bb30px||-10px||false|false\u00bb custom_margin_phone=\u00bb40px||-20px||false|false\u00bb custom_margin_last_edited=\u00bboff|desktop\u00bb title_font_size_tablet=\u00bb40px\u00bb title_font_size_phone=\u00bb36px\u00bb title_font_size_last_edited=\u00bbon|tablet\u00bb global_colors_info=\u00bb{}\u00bb][\/et_pb_heading][et_pb_image src=\u00bbhttps:\/\/dev-ratubagus.brightonwebdesign-hosting.com\/wp-content\/uploads\/2025\/04\/Ratu-Bagus-icon.jpg\u00bb alt=\u00bbIcono de Ratu Bagus\u00bb title_text=\u00bbIcono de Ratu Bagus\u00bb align=\u00bbcenter\u00bb _builder_version=\u00bb4.27.4&#8243; _module_preset=\u00bbdefault\u00bb global_colors_info=\u00bb{}\u00bb][\/et_pb_image][et_pb_text _builder_version=\u00bb4.27.4&#8243; _module_preset=\u00bbdefault\u00bb text_font=\u00bb|300|||||||\u00bb text_font_size=\u00bb23px\u00bb text_line_height=\u00bb1.6em\u00bb text_orientation=\u00bbcenter\u00bb max_width=\u00bb900px\u00bb module_alignment=\u00bbcenter\u00bb custom_margin=\u00bb||22px||false|false\u00bb text_font_size_tablet=\u00bb23px\u00bb text_font_size_phone=\u00bb18px\u00bb text_font_size_last_edited=\u00bbon|phone\u00bb text_line_height_tablet=\u00bb1.6em\u00bb text_line_height_phone=\u00bb1.4em\u00bb text_line_height_last_edited=\u00bbon|phone\u00bb global_colors_info=\u00bb{}\u00bb]<strong>Ratu Bagus<\/strong> es un Maestro de la Energ\u00eda quien vivi\u00f3 y ense\u00f1\u00f3 la meditaci\u00f3n del shaking en su ashram en Bali. Tambi\u00e9n conocida como Meditaci\u00f3n Bio Energ\u00e9tica o Shaking Yoga, esta meditaci\u00f3n trabaja en la liberaci\u00f3n y fortalecimiento de nuestra energ\u00eda vital natural. <\/p>\n<p>Esta pr\u00e1ctica nos conecta con nuestra alma y con la naturaleza. Puede limpiar los bloqueos que nos impiden vivir una vida saludable y feliz.<br \/>\n[\/et_pb_text][et_pb_heading title=\u00bbBienvenido al Ashram Ratu Bagus\u00bb _builder_version=\u00bb4.27.4&#8243; _module_preset=\u00bbdefault\u00bb title_level=\u00bbh2&#8243; title_text_align=\u00bbcenter\u00bb title_text_color=\u00bb#F74B13&#8243; title_font_size=\u00bb40px\u00bb title_line_height=\u00bb1.2em\u00bb custom_margin=\u00bb80px||-10px||false|false\u00bb custom_margin_tablet=\u00bb30px||-10px||false|false\u00bb custom_margin_phone=\u00bb40px||-20px||false|false\u00bb custom_margin_last_edited=\u00bbon|desktop\u00bb title_font_size_tablet=\u00bb32px\u00bb title_font_size_phone=\u00bb26px\u00bb title_font_size_last_edited=\u00bbon|phone\u00bb global_colors_info=\u00bb{}\u00bb][\/et_pb_heading][\/et_pb_column][\/et_pb_row][et_pb_row _builder_version=\u00bb4.27.4&#8243; _module_preset=\u00bbdefault\u00bb background_color=\u00bbrgba(247,75,19,0.1)\u00bb width=\u00bb100%\u00bb max_width=\u00bb100%\u00bb custom_padding=\u00bb0px||0px||false|false\u00bb global_colors_info=\u00bb{}\u00bb][et_pb_column type=\u00bb4_4&#8243; _builder_version=\u00bb4.27.4&#8243; _module_preset=\u00bbdefault\u00bb global_colors_info=\u00bb{}\u00bb][et_pb_video src=\u00bbhttps:\/\/youtu.be\/ImI5WM3No9s?si=FiW2ORqCdEoPbux-\u00bb image_src=\u00bbhttps:\/\/dev-ratubagus.brightonwebdesign-hosting.com\/wp-content\/uploads\/2025\/04\/Video-overlay.jpg\u00bb play_icon_color=\u00bb#FFFFFF\u00bb thumbnail_overlay_color=\u00bbrgba(247,75,19,0.7)\u00bb _builder_version=\u00bb4.27.4&#8243; _module_preset=\u00bbdefault\u00bb max_width=\u00bb1080px\u00bb module_alignment=\u00bbcenter\u00bb global_colors_info=\u00bb{}\u00bb][\/et_pb_video][\/et_pb_column][\/et_pb_row][et_pb_row _builder_version=\u00bb4.27.4&#8243; _module_preset=\u00bbdefault\u00bb custom_padding=\u00bb80px||||false|false\u00bb locked=\u00bboff\u00bb global_colors_info=\u00bb{}\u00bb][et_pb_column type=\u00bb4_4&#8243; _builder_version=\u00bb4.27.4&#8243; _module_preset=\u00bbdefault\u00bb global_colors_info=\u00bb{}\u00bb][dpdfg_filtergrid include_categories=\u00bb141&#8243; post_number=\u00bb6&#8243; thumbnail_size=\u00bbdfg_full\u00bb show_author=\u00bboff\u00bb show_content=\u00bbon\u00bb read_more=\u00bbon\u00bb show_custom_fields=\u00bbon\u00bb custom_fields=\u00bb%91{%22name%22:%22country%22,%22label%22:%22%22},{%22name%22:%22date%22,%22label%22:%22%22}%93&#8243; show_filters=\u00bboff\u00bb show_pagination=\u00bboff\u00bb filters_width=\u00bb3&#8243; items_width=\u00bb30%\u00bb column_gutter=\u00bb3%\u00bb primary_view=\u00bb%91{%22name%22:%22thumbnail%22,%22show%22:%22on%22},{%22name%22:%22overlay%22,%22show%22:%22on%22},{%22name%22:%22title%22,%22show%22:%22off%22},{%22name%22:%22custom_content%22,%22show%22:%22off%22},{%22name%22:%22meta%22,%22show%22:%22off%22},{%22name%22:%22ext%22,%22show%22:%22off%22},{%22name%22:%22content%22,%22show%22:%22off%22},{%22name%22:%22action_button%22,%22show%22:%22off%22},{%22name%22:%22read_more_button%22,%22show%22:%22off%22}%93&#8243; use_overlay_icon=\u00bboff\u00bb hover_overlay_color=\u00bbrgba(0,0,0,0.29)\u00bb bg_items=\u00bb#F1C214&#8243; _builder_version=\u00bb4.27.4&#8243; _module_preset=\u00bbdefault\u00bb dpdfg_entry_title_text_align=\u00bbcenter\u00bb dpdfg_entry_title_text_color=\u00bb#FFFFFF\u00bb dpdfg_entry_title_font_size=\u00bb29px\u00bb dpdfg_entry_title_line_height=\u00bb1.3em\u00bb dpdfg_entry_meta_text_align=\u00bbcenter\u00bb dpdfg_entry_meta_text_color=\u00bb#000000&#8243; dpdfg_entry_meta_font_size=\u00bb0px\u00bb dpdfg_entry_meta_line_height=\u00bb1em\u00bb dpdfg_entry_summary_text_align=\u00bbcenter\u00bb dpdfg_entry_summary_text_color=\u00bb#000000&#8243; dpdfg_entry_summary_font_size=\u00bb20px\u00bb dpdfg_entry_cf_label_text_color=\u00bb#EFEFEF\u00bb dpdfg_entry_cf_value_font=\u00bb&#8211;et_global_heading_font||||||||\u00bb dpdfg_entry_cf_value_text_color=\u00bb#FFFFFF\u00bb dpdfg_entry_cf_value_font_size=\u00bb24px\u00bb dpdfg_entry_cf_value_line_height=\u00bb1.1em\u00bb dpdfg_entry_custom_font=\u00bb|600|||||||\u00bb dpdfg_entry_custom_text_align=\u00bbcenter\u00bb dpdfg_entry_custom_font_size=\u00bb15px\u00bb background_color=\u00bbRGBA(255,255,255,0)\u00bb custom_read_more_button=\u00bbon\u00bb read_more_button_text_color=\u00bb#FFFFFF\u00bb read_more_button_bg_color=\u00bb#F74B13&#8243; read_more_button_border_width=\u00bb1px\u00bb read_more_button_border_color=\u00bb#FFFFFF\u00bb read_more_button_border_radius=\u00bb20px\u00bb read_more_button_font=\u00bb|||on|||||\u00bb read_more_button_custom_margin=\u00bb30px||30px||false|false\u00bb custom_padding=\u00bb||||false|false\u00bb hover_enabled=\u00bb0&#8243; custom_css_entry-header=\u00bbmargin-top: 20px\u00bb custom_css_entry-summary=\u00bbpadding-left: 20px; padding-right: 20px\u00bb box_shadow_style=\u00bbpreset1&#8243; global_colors_info=\u00bb{}\u00bb read_more_button_bg_color__hover_enabled=\u00bbon|desktop\u00bb read_more_button_bg_color__hover=\u00bb#ce4310&#8243; read_more_button_bg_enable_color__hover=\u00bbon\u00bb sticky_enabled=\u00bb0&#8243;][\/dpdfg_filtergrid][\/et_pb_column][\/et_pb_row][\/et_pb_section][et_pb_section fb_built=\u00bb1&#8243; custom_padding_last_edited=\u00bbon|phone\u00bb _builder_version=\u00bb4.27.4&#8243; _module_preset=\u00bbdefault\u00bb custom_padding=\u00bb||173px|||\u00bb custom_padding_tablet=\u00bb||100px||false|false\u00bb custom_padding_phone=\u00bb||70px||false|false\u00bb global_colors_info=\u00bb{}\u00bb][et_pb_row _builder_version=\u00bb4.27.4&#8243; _dynamic_attributes=\u00bblink_option_url\u00bb _module_preset=\u00bbdefault\u00bb use_background_color_gradient=\u00bbon\u00bb background_color_gradient_stops=\u00bbrgba(0,0,0,0.53) 0%|rgba(247,75,19,0) 100%\u00bb background_color_gradient_overlays_image=\u00bbon\u00bb background_image=\u00bbhttps:\/\/dev-ratubagus.brightonwebdesign-hosting.com\/wp-content\/uploads\/2025\/04\/How-to-visit.jpg\u00bb background_position=\u00bbtop_center\u00bb width=\u00bb100%\u00bb max_width=\u00bb100%\u00bb custom_padding=\u00bb100px||300px||false|false\u00bb link_option_url=\u00bb@ET-DC@eyJkeW5hbWljIjp0cnVlLCJjb250ZW50IjoicG9zdF9saW5rX3VybF9wb3N0Iiwic2V0dGluZ3MiOnsicG9zdF9pZCI6IjI2MjUifX0=@\u00bb global_colors_info=\u00bb{}\u00bb background__hover_enabled=\u00bbon|desktop\u00bb background_color_gradient_stops__hover=\u00bbrgba(247,75,19,0.79) 0%|rgba(247,75,19,0.64) 100%\u00bb use_background_color_gradient__hover=\u00bbon\u00bb background_color_gradient_overlays_image__hover=\u00bbon\u00bb][et_pb_column type=\u00bb4_4&#8243; _builder_version=\u00bb4.27.4&#8243; _module_preset=\u00bbdefault\u00bb global_colors_info=\u00bb{}\u00bb][et_pb_heading title=\u00bbVisitar el Ashram\u00bb _builder_version=\u00bb4.27.4&#8243; _module_preset=\u00bbdefault\u00bb title_level=\u00bbh2&#8243; title_text_align=\u00bbcenter\u00bb title_text_color=\u00bb#FFFFFF\u00bb title_font_size=\u00bb57px\u00bb custom_margin=\u00bb||10px||false|false\u00bb global_colors_info=\u00bb{}\u00bb][\/et_pb_heading][et_pb_text _builder_version=\u00bb4.27.4&#8243; _module_preset=\u00bbdefault\u00bb text_text_color=\u00bb#FFFFFF\u00bb text_font_size=\u00bb25px\u00bb text_line_height=\u00bb1.2em\u00bb text_orientation=\u00bbcenter\u00bb max_width_tablet=\u00bb80%\u00bb max_width_phone=\u00bb90%\u00bb max_width_last_edited=\u00bbon|phone\u00bb module_alignment=\u00bbcenter\u00bb global_colors_info=\u00bb{}\u00bb]Reserva tu estancia, traslado desde y hacia el aeropuerto, requisitos para el visado, normas de vestimenta.<br \/>\n[\/et_pb_text][\/et_pb_column][\/et_pb_row][et_pb_row _builder_version=\u00bb4.27.4&#8243; _module_preset=\u00bbdefault\u00bb global_colors_info=\u00bb{}\u00bb][et_pb_column type=\u00bb4_4&#8243; _builder_version=\u00bb4.27.4&#8243; _module_preset=\u00bbdefault\u00bb global_colors_info=\u00bb{}\u00bb][et_pb_image src=\u00bbhttps:\/\/dev-ratubagus.brightonwebdesign-hosting.com\/wp-content\/uploads\/2025\/04\/Ratu-Bagus-icon.jpg\u00bb alt=\u00bbIcono de Ratu Bagus\u00bb title_text=\u00bbIcono de Ratu Bagus\u00bb align=\u00bbcenter\u00bb _builder_version=\u00bb4.27.4&#8243; _module_preset=\u00bbdefault\u00bb custom_margin=\u00bb20px||0px||false|false\u00bb global_colors_info=\u00bb{}\u00bb][\/et_pb_image][et_pb_heading title=\u00bbAgenda y pr\u00f3ximos retiros en todo el mundo\u00bb _builder_version=\u00bb4.27.4&#8243; _module_preset=\u00bbdefault\u00bb title_level=\u00bbh2&#8243; title_text_align=\u00bbcenter\u00bb title_text_color=\u00bb#F74B13&#8243; title_font_size=\u00bb40px\u00bb title_line_height=\u00bb1.2em\u00bb custom_margin=\u00bb30px||||false|false\u00bb custom_margin_tablet=\u00bb30px||-10px||false|false\u00bb custom_margin_phone=\u00bb40px||-20px||false|false\u00bb custom_margin_last_edited=\u00bboff|desktop\u00bb title_font_size_tablet=\u00bb32px\u00bb title_font_size_phone=\u00bb26px\u00bb title_font_size_last_edited=\u00bbon|phone\u00bb global_colors_info=\u00bb{}\u00bb][\/et_pb_heading][\/et_pb_column][\/et_pb_row][et_pb_row _builder_version=\u00bb4.27.4&#8243; _module_preset=\u00bbdefault\u00bb global_colors_info=\u00bb{}\u00bb][et_pb_column type=\u00bb4_4&#8243; _builder_version=\u00bb4.27.4&#8243; _module_preset=\u00bbdefault\u00bb global_colors_info=\u00bb{}\u00bb][dpdfg_filtergrid include_categories=\u00bb5&#8243; post_number=\u00bb6&#8243; order=\u00bbASC\u00bb thumbnail_size=\u00bbdfg_full\u00bb show_author=\u00bboff\u00bb show_content=\u00bbon\u00bb read_more=\u00bbon\u00bb show_custom_fields=\u00bbon\u00bb custom_fields=\u00bb%91{%22nombre%22:%22pa\u00eds%22,%22etiqueta%22:%22%22},{%22nombre%22:%22fecha%22,%22etiqueta%22:%22%22}%93&#8243; show_filters=\u00bboff\u00bb show_pagination=\u00bboff\u00bb filters_width=\u00bb3&#8243; items_width=\u00bb30%\u00bb column_gutter=\u00bb3%\u00bb primary_view=\u00bb%91{%22name%22:%22thumbnail%22,%22show%22:%22on%22},{%22name%22:%22overlay%22,%22show%22:%22on%22},{%22name%22:%22title%22,%22show%22:%22off%22},{%22name%22:%22custom_content%22,%22show%22:%22off%22},{%22name%22:%22meta%22,%22show%22:%22off%22},{%22name%22:%22ext%22,%22show%22:%22off%22},{%22name%22:%22content%22,%22show%22:%22off%22},{%22name%22:%22action_button%22,%22show%22:%22off%22},{%22name%22:%22read_more_button%22,%22show%22:%22off%22}%93&#8243; use_overlay_icon=\u00bboff\u00bb hover_overlay_color=\u00bbrgba(0,0,0,0.29)\u00bb bg_items=\u00bb#F1C214&#8243; _builder_version=\u00bb4.27.4&#8243; _module_preset=\u00bbdefault\u00bb dpdfg_entry_title_text_align=\u00bbcenter\u00bb dpdfg_entry_title_text_color=\u00bb#FFFFFF\u00bb dpdfg_entry_title_font_size=\u00bb29px\u00bb dpdfg_entry_title_line_height=\u00bb1.3em\u00bb dpdfg_entry_meta_text_align=\u00bbcenter\u00bb dpdfg_entry_meta_text_color=\u00bb#000000&#8243; dpdfg_entry_meta_font_size=\u00bb0px\u00bb dpdfg_entry_meta_line_height=\u00bb1em\u00bb dpdfg_entry_summary_text_align=\u00bbcenter\u00bb dpdfg_entry_summary_text_color=\u00bb#000000&#8243; dpdfg_entry_summary_font_size=\u00bb20px\u00bb dpdfg_entry_cf_label_text_color=\u00bb#EFEFEF\u00bb dpdfg_entry_cf_value_font=\u00bb&#8211;et_global_heading_font||||||||\u00bb dpdfg_entry_cf_value_text_color=\u00bb#FFFFFF\u00bb dpdfg_entry_cf_value_font_size=\u00bb24px\u00bb dpdfg_entry_cf_value_line_height=\u00bb1.1em\u00bb dpdfg_entry_custom_font=\u00bb|600|||||||\u00bb dpdfg_entry_custom_text_align=\u00bbcenter\u00bb dpdfg_entry_custom_font_size=\u00bb15px\u00bb background_color=\u00bbRGBA(255,255,255,0)\u00bb custom_read_more_button=\u00bbon\u00bb read_more_button_text_color=\u00bb#FFFFFF\u00bb read_more_button_bg_color=\u00bb#F74B13&#8243; read_more_button_border_width=\u00bb1px\u00bb read_more_button_border_color=\u00bb#FFFFFF\u00bb read_more_button_border_radius=\u00bb20px\u00bb read_more_button_font=\u00bb|||on|||||\u00bb read_more_button_custom_margin=\u00bb30px||30px||false|false\u00bb custom_padding=\u00bb||||false|false\u00bb custom_css_entry-header=\u00bbmargin-top: 20px\u00bb custom_css_entry-summary=\u00bbpadding-left: 20px; padding-right: 20px\u00bb box_shadow_style=\u00bbpreset1&#8243; global_colors_info=\u00bb{}\u00bb read_more_button_bg_color__hover_enabled=\u00bbon|desktop\u00bb read_more_button_bg_color__hover=\u00bb#ce4310&#8243; read_more_button_bg_enable_color__hover=\u00bbon\u00bb][\/dpdfg_filtergrid][et_pb_button button_url=\u00bbhttps:\/\/dev-ratubagus.brightonwebdesign-hosting.com\/es\/category\/retiros\/\u00bb button_text=\u00bbVer todos los retiros\u00bb button_alignment=\u00bbcenter\u00bb _builder_version=\u00bb4.27.4&#8243; _module_preset=\u00bbdefault\u00bb custom_button=\u00bbon\u00bb button_text_size=\u00bb20px\u00bb button_bg_color=\u00bb#F74B13&#8243; button_border_color=\u00bb#F39200&#8243; button_border_radius=\u00bb64px\u00bb button_font=\u00bb|||on|||||\u00bb custom_margin=\u00bb50px||||false|false\u00bb custom_padding=\u00bb|50px||50px|false|false\u00bb global_colors_info=\u00bb{}\u00bb button_bg_color__hover_enabled=\u00bbon|hover\u00bb button_bg_color__hover=\u00bb#F39200&#8243; button_bg_enable_color__hover=\u00bbon\u00bb][\/et_pb_button][\/et_pb_column][\/et_pb_row][\/et_pb_section]<\/p>\n","protected":false},"excerpt":{"rendered":"<p>. . . Om Swastiastu Ratu Bagus Shaking proviene del alma, de nuestros sentimientosNuestra verdadera maestra es la Naturaleza\u00a1Seamos activos, positivos y creativos!. . . Un mensaje de Ratu La risa es felicidad z clic para ver m\u00e1sRatu Bagus es un Maestro de la Energ\u00eda quien vivi\u00f3 y ense\u00f1\u00f3 la meditaci\u00f3n del shaking en su [&hellip;]<\/p>\n","protected":false},"author":1,"featured_media":0,"parent":0,"menu_order":0,"comment_status":"closed","ping_status":"closed","template":"","meta":{"_acf_changed":false,"_et_pb_use_builder":"on","_et_pb_old_content":"","_et_gb_content_width":"","footnotes":""},"categories":[],"tags":[],"class_list":["post-2186","page","type-page","status-publish","hentry"],"acf":[],"publishpress_future_action":{"enabled":false,"date":"2026-04-20 07:52:53","action":"change-status","newStatus":"draft","terms":[],"taxonomy":"category","extraData":[]},"publishpress_future_workflow_manual_trigger":{"enabledWorkflows":[]},"_links":{"self":[{"href":"https:\/\/dev-ratubagus.brightonwebdesign-hosting.com\/es\/wp-json\/wp\/v2\/pages\/2186","targetHints":{"allow":["GET"]}}],"collection":[{"href":"https:\/\/dev-ratubagus.brightonwebdesign-hosting.com\/es\/wp-json\/wp\/v2\/pages"}],"about":[{"href":"https:\/\/dev-ratubagus.brightonwebdesign-hosting.com\/es\/wp-json\/wp\/v2\/types\/page"}],"author":[{"embeddable":true,"href":"https:\/\/dev-ratubagus.brightonwebdesign-hosting.com\/es\/wp-json\/wp\/v2\/users\/1"}],"replies":[{"embeddable":true,"href":"https:\/\/dev-ratubagus.brightonwebdesign-hosting.com\/es\/wp-json\/wp\/v2\/comments?post=2186"}],"version-history":[{"count":35,"href":"https:\/\/dev-ratubagus.brightonwebdesign-hosting.com\/es\/wp-json\/wp\/v2\/pages\/2186\/revisions"}],"predecessor-version":[{"id":6117,"href":"https:\/\/dev-ratubagus.brightonwebdesign-hosting.com\/es\/wp-json\/wp\/v2\/pages\/2186\/revisions\/6117"}],"wp:attachment":[{"href":"https:\/\/dev-ratubagus.brightonwebdesign-hosting.com\/es\/wp-json\/wp\/v2\/media?parent=2186"}],"wp:term":[{"taxonomy":"category","embeddable":true,"href":"https:\/\/dev-ratubagus.brightonwebdesign-hosting.com\/es\/wp-json\/wp\/v2\/categories?post=2186"},{"taxonomy":"post_tag","embeddable":true,"href":"https:\/\/dev-ratubagus.brightonwebdesign-hosting.com\/es\/wp-json\/wp\/v2\/tags?post=2186"}],"curies":[{"name":"wp","href":"https:\/\/api.w.org\/{rel}","templated":true}]}}