{"id":2235,"date":"2025-04-16T10:23:07","date_gmt":"2025-04-16T09:23:07","guid":{"rendered":"https:\/\/dev-ratubagus.brightonwebdesign-hosting.com\/home\/"},"modified":"2025-11-15T12:54:26","modified_gmt":"2025-11-15T12:54:26","slug":"home","status":"publish","type":"page","link":"https:\/\/dev-ratubagus.brightonwebdesign-hosting.com\/it\/","title":{"rendered":"Home"},"content":{"rendered":"<p>[et_pb_section fb_built=&#8221;1&#8243; _builder_version=&#8221;4.27.4&#8243; _module_preset=&#8221;default&#8221; custom_padding=&#8221;0px||0px||false|false&#8221; global_colors_info=&#8221;{}&#8221;][et_pb_row _builder_version=&#8221;4.27.4&#8243; _module_preset=&#8221;default&#8221; width=&#8221;100%&#8221; max_width=&#8221;100%&#8221; custom_padding=&#8221;0px||||false|false&#8221; global_colors_info=&#8221;{}&#8221;][et_pb_column type=&#8221;4_4&#8243; _builder_version=&#8221;4.27.4&#8243; _module_preset=&#8221;default&#8221; global_colors_info=&#8221;{}&#8221;][et_pb_slider use_text_overlay=&#8221;off&#8221; _builder_version=&#8221;4.27.4&#8243; _module_preset=&#8221;default&#8221; header_text_align=&#8221;left&#8221; header_text_color=&#8221;#fbeb42&#8243; body_font_size=&#8221;16px&#8221; use_background_color_gradient=&#8221;on&#8221; background_color_gradient_stops=&#8221;rgba(43,135,218,0) 0%|rgba(0,0,0,0.73) 100%&#8221; background_color_gradient_overlays_image=&#8221;on&#8221; custom_button=&#8221;on&#8221; button_text_size=&#8221;15px&#8221; button_border_width=&#8221;0px&#8221; button_font=&#8221;|||on|||||&#8221; text_orientation=&#8221;left&#8221; content_width=&#8221;600px&#8221; content_width_tablet=&#8221;80%&#8221; content_width_phone=&#8221;90%&#8221; content_width_last_edited=&#8221;on|phone&#8221; height_tablet=&#8221;500px&#8221; height_phone=&#8221;300px&#8221; height_last_edited=&#8221;on|tablet&#8221; custom_padding=&#8221;300px||100px||false|false&#8221; custom_padding_tablet=&#8221;200px||50px||false|false&#8221; custom_padding_phone=&#8221;0px||0px||false|false&#8221; custom_padding_last_edited=&#8221;on|phone&#8221; auto=&#8221;on&#8221; auto_speed=&#8221;9000&#8243; header_font_size_tablet=&#8221;44px&#8221; header_font_size_phone=&#8221;36px&#8221; header_font_size_last_edited=&#8221;on|phone&#8221; body_font_size_tablet=&#8221;20px&#8221; body_font_size_phone=&#8221;18px&#8221; body_font_size_last_edited=&#8221;on|phone&#8221; global_colors_info=&#8221;{}&#8221; header_text_color__hover_enabled=&#8221;off|hover&#8221;][et_pb_slide _builder_version=&#8221;4.27.4&#8243; _module_preset=&#8221;default&#8221; header_font=&#8221;|||||||#FFFFFF|&#8221; background_image=&#8221;https:\/\/dev-ratubagus.brightonwebdesign-hosting.com\/wp-content\/uploads\/2025\/11\/Ratu-smile.jpg&#8221; background_enable_image=&#8221;on&#8221; global_colors_info=&#8221;{}&#8221; header_text_color__hover_enabled=&#8221;on|hover&#8221; header_text_color__hover=&#8221;rgba(255,255,255,0.86)&#8221; sticky_transition=&#8221;on&#8221;]<\/p>\n<p>.<\/p>\n<p><span style=\"color: #808080;\">.<\/span><\/p>\n<p><span style=\"color: #808080;\">.<\/span><\/p>\n<h2>Om Swastiastu Ratu Bagus<\/h2>\n<h3><span class=\"HwtZe\" lang=\"it\" style=\"color: #ffcc00;\"><span class=\"jCAhz ChMk0b\"><span class=\"ryNqvb\">Shaking nasce dall&#8217;anima, dai nostri sentimenti<\/span><\/span><\/span><\/h3>\n<p>[\/et_pb_slide][et_pb_slide heading=&#8221;Felice&#8221; _builder_version=&#8221;4.27.4&#8243; _module_preset=&#8221;default&#8221; background_image=&#8221;https:\/\/dev-ratubagus.brightonwebdesign-hosting.com\/wp-content\/uploads\/2025\/04\/Ratu-Bagus-header-2.jpg&#8221; background_enable_image=&#8221;on&#8221; global_colors_info=&#8221;{}&#8221; sticky_transition=&#8221;on&#8221;][\/et_pb_slide][et_pb_slide heading=&#8221;Ratu \u00e8 la Natura&#8221; _builder_version=&#8221;4.27.4&#8243; _module_preset=&#8221;default&#8221; background_image=&#8221;https:\/\/dev-ratubagus.brightonwebdesign-hosting.com\/wp-content\/uploads\/2025\/11\/Mount-Agung.jpg&#8221; background_enable_image=&#8221;on&#8221; global_colors_info=&#8221;{}&#8221; sticky_transition=&#8221;on&#8221;]<\/p>\n<h3><span class=\"HwtZe\" lang=\"it\"><span class=\"jCAhz ChMk0b\"><span class=\"ryNqvb\">La nostra vera maestra \u00e8 la Natura<\/span><\/span><\/span><\/h3>\n<p>[\/et_pb_slide][et_pb_slide _builder_version=&#8221;4.27.4&#8243; _module_preset=&#8221;default&#8221; background_image=&#8221;https:\/\/dev-ratubagus.brightonwebdesign-hosting.com\/wp-content\/uploads\/2025\/11\/Ratu-in-front-cocos-tree.jpg&#8221; background_enable_image=&#8221;on&#8221; global_colors_info=&#8221;{}&#8221; sticky_transition=&#8221;on&#8221;]<\/p>\n<h1><span class=\"HwtZe\" lang=\"it\" style=\"color: #ffcc00;\"><span class=\"jCAhz ChMk0b\"><span class=\"ryNqvb\">Siamo attivi, positivi e creativi!<\/span><\/span><\/span><\/h1>\n<p>[\/et_pb_slide][et_pb_slide _builder_version=&#8221;4.27.4&#8243; _dynamic_attributes=&#8221;link_option_url&#8221; _module_preset=&#8221;default&#8221; header_text_color=&#8221;#F1C214&#8243; background_image=&#8221;https:\/\/dev-ratubagus.brightonwebdesign-hosting.com\/wp-content\/uploads\/2025\/10\/Ratu-on-couch.jpg&#8221; background_enable_image=&#8221;on&#8221; link_option_url=&#8221;@ET-DC@eyJkeW5hbWljIjp0cnVlLCJjb250ZW50IjoicG9zdF9saW5rX3VybF9wYWdlIiwic2V0dGluZ3MiOnsicG9zdF9pZCI6IjIzMiJ9fQ==@&#8221; global_colors_info=&#8221;{}&#8221; header_text_color__hover_enabled=&#8221;on|hover&#8221; header_text_color__hover=&#8221;#F39200&#8243; sticky_transition=&#8221;on&#8221;]<\/p>\n<p><span style=\"color: #000000;\">.<\/span><\/p>\n<p><span style=\"color: #000000;\">.<\/span><\/p>\n<p><span style=\"color: #000000;\">.<\/span><\/p>\n<h2><span style=\"color: #ffcc00;\">Un messaggio da Ratu<\/span><\/h2>\n<h2>La risata \u00e8 felicit\u00e0<\/h2>\n<h2><span class=\"HwtZe\" lang=\"it\" style=\"color: #00ccff;\"><span class=\"jCAhz ChMk0b\"><span class=\"ryNqvb\">Clicca per saperne di pi\u00f9<\/span><\/span><\/span><\/h2>\n<p>[\/et_pb_slide][\/et_pb_slider][\/et_pb_column][\/et_pb_row][\/et_pb_section][et_pb_section fb_built=&#8221;1&#8243; custom_padding_last_edited=&#8221;on|phone&#8221; _builder_version=&#8221;4.27.4&#8243; _module_preset=&#8221;default&#8221; custom_padding=&#8221;0px|||||&#8221; custom_padding_tablet=&#8221;0px||10px||false|false&#8221; custom_padding_phone=&#8221;||0px||false|false&#8221; global_colors_info=&#8221;{}&#8221;][et_pb_row _builder_version=&#8221;4.27.4&#8243; _module_preset=&#8221;default&#8221; global_colors_info=&#8221;{}&#8221;][et_pb_column type=&#8221;4_4&#8243; _builder_version=&#8221;4.27.4&#8243; _module_preset=&#8221;default&#8221; global_colors_info=&#8221;{}&#8221;][et_pb_heading title=&#8221;La chiave della felicit\u00e0&#8221; _builder_version=&#8221;4.27.4&#8243; _module_preset=&#8221;default&#8221; title_text_align=&#8221;center&#8221; title_text_color=&#8221;#F74B13&#8243; title_font_size=&#8221;51px&#8221; custom_margin=&#8221;0px||30px||false|false&#8221; custom_margin_tablet=&#8221;30px||-10px||false|false&#8221; custom_margin_phone=&#8221;40px||-20px||false|false&#8221; custom_margin_last_edited=&#8221;off|desktop&#8221; title_font_size_tablet=&#8221;40px&#8221; title_font_size_phone=&#8221;36px&#8221; title_font_size_last_edited=&#8221;on|tablet&#8221; global_colors_info=&#8221;{}&#8221;][\/et_pb_heading][et_pb_image src=&#8221;https:\/\/dev-ratubagus.brightonwebdesign-hosting.com\/wp-content\/uploads\/2025\/04\/Ratu-Bagus-icon.jpg&#8221; alt=&#8221;Icona di Ratu Bagus&#8221; title_text=&#8221;Icona di Ratu Bagus&#8221; align=&#8221;center&#8221; _builder_version=&#8221;4.27.4&#8243; _module_preset=&#8221;default&#8221; global_colors_info=&#8221;{}&#8221;][\/et_pb_image][et_pb_text _builder_version=&#8221;4.27.4&#8243; _module_preset=&#8221;default&#8221; text_font=&#8221;|300|||||||&#8221; text_font_size=&#8221;23px&#8221; text_line_height=&#8221;1.6em&#8221; text_orientation=&#8221;center&#8221; max_width=&#8221;900px&#8221; module_alignment=&#8221;center&#8221; custom_margin=&#8221;||22px||false|false&#8221; text_font_size_tablet=&#8221;23px&#8221; text_font_size_phone=&#8221;18px&#8221; text_font_size_last_edited=&#8221;on|phone&#8221; text_line_height_tablet=&#8221;1.6em&#8221; text_line_height_phone=&#8221;1.4em&#8221; text_line_height_last_edited=&#8221;on|phone&#8221; global_colors_info=&#8221;{}&#8221;]<strong>Ratu Bagus<\/strong> \u00e8 un Maestro di Energia che visse e insegn\u00f2 lo Shaking nel suo ashram di Bali. Conosciuta anche col nome di Meditazione di Bio Energia o Shaking Yoga, questo tipo di meditazione libera e rafforza la nostra naturale energia vitale. <\/p>\n<p>\u00c8 una pratica che ci connette alla nostra anima e alla natura. \u00c8 in grado di rimuovere i blocchi energetici che ci impediscono di vivere una vita sana e felice.<br \/>\n[\/et_pb_text][et_pb_heading title=&#8221;Benvenuti al Ratu Bagus Ashram&#8221; _builder_version=&#8221;4.27.4&#8243; _module_preset=&#8221;default&#8221; title_level=&#8221;h2&#8243; title_text_align=&#8221;center&#8221; title_text_color=&#8221;#F74B13&#8243; title_font_size=&#8221;40px&#8221; title_line_height=&#8221;1.2em&#8221; custom_margin=&#8221;80px||-10px||false|false&#8221; custom_margin_tablet=&#8221;30px||-10px||false|false&#8221; custom_margin_phone=&#8221;40px||-20px||false|false&#8221; custom_margin_last_edited=&#8221;on|desktop&#8221; title_font_size_tablet=&#8221;32px&#8221; title_font_size_phone=&#8221;26px&#8221; title_font_size_last_edited=&#8221;on|phone&#8221; global_colors_info=&#8221;{}&#8221;][\/et_pb_heading][\/et_pb_column][\/et_pb_row][et_pb_row _builder_version=&#8221;4.27.4&#8243; _module_preset=&#8221;default&#8221; background_color=&#8221;rgba(247,75,19,0.1)&#8221; width=&#8221;100%&#8221; max_width=&#8221;100%&#8221; custom_padding=&#8221;0px||0px||false|false&#8221; global_colors_info=&#8221;{}&#8221;][et_pb_column type=&#8221;4_4&#8243; _builder_version=&#8221;4.27.4&#8243; _module_preset=&#8221;default&#8221; global_colors_info=&#8221;{}&#8221;][et_pb_video src=&#8221;https:\/\/youtu.be\/ImI5WM3No9s?si=FiW2ORqCdEoPbux-&#8221; image_src=&#8221;https:\/\/dev-ratubagus.brightonwebdesign-hosting.com\/wp-content\/uploads\/2025\/04\/Video-overlay.jpg&#8221; play_icon_color=&#8221;#FFFFFF&#8221; thumbnail_overlay_color=&#8221;rgba(247,75,19,0.7)&#8221; _builder_version=&#8221;4.27.4&#8243; _module_preset=&#8221;default&#8221; max_width=&#8221;1080px&#8221; module_alignment=&#8221;center&#8221; global_colors_info=&#8221;{}&#8221;][\/et_pb_video][\/et_pb_column][\/et_pb_row][et_pb_row _builder_version=&#8221;4.27.4&#8243; _module_preset=&#8221;default&#8221; custom_padding=&#8221;80px||||false|false&#8221; locked=&#8221;off&#8221; global_colors_info=&#8221;{}&#8221;][et_pb_column type=&#8221;4_4&#8243; _builder_version=&#8221;4.27.4&#8243; _module_preset=&#8221;default&#8221; global_colors_info=&#8221;{}&#8221;][dpdfg_filtergrid include_categories=&#8221;141&#8243; post_number=&#8221;6&#8243; thumbnail_size=&#8221;dfg_full&#8221; show_author=&#8221;off&#8221; show_content=&#8221;on&#8221; read_more=&#8221;on&#8221; show_custom_fields=&#8221;on&#8221; custom_fields=&#8221;%91{%22name%22:%22country%22,%22label%22:%22%22},{%22name%22:%22date%22,%22label%22:%22%22}%93&#8243; show_filters=&#8221;off&#8221; show_pagination=&#8221;off&#8221; filters_width=&#8221;3&#8243; items_width=&#8221;30%&#8221; column_gutter=&#8221;3%&#8221; primary_view=&#8221;%91{%22name%22:%22thumbnail%22,%22show%22:%22on%22},{%22name%22:%22overlay%22,%22show%22:%22on%22},{%22name%22:%22title%22,%22show%22:%22off%22},{%22name%22:%22custom_content%22,%22show%22:%22off%22},{%22name%22:%22meta%22,%22show%22:%22off%22},{%22name%22:%22ext%22,%22show%22:%22off%22},{%22name%22:%22content%22,%22show%22:%22off%22},{%22name%22:%22action_button%22,%22show%22:%22off%22},{%22name%22:%22read_more_button%22,%22show%22:%22off%22}%93&#8243; use_overlay_icon=&#8221;off&#8221; hover_overlay_color=&#8221;rgba(0,0,0,0.29)&#8221; bg_items=&#8221;#F1C214&#8243; _builder_version=&#8221;4.27.4&#8243; _module_preset=&#8221;default&#8221; dpdfg_entry_title_text_align=&#8221;center&#8221; dpdfg_entry_title_text_color=&#8221;#FFFFFF&#8221; dpdfg_entry_title_font_size=&#8221;29px&#8221; dpdfg_entry_title_line_height=&#8221;1.3em&#8221; dpdfg_entry_meta_text_align=&#8221;center&#8221; dpdfg_entry_meta_text_color=&#8221;#000000&#8243; dpdfg_entry_meta_font_size=&#8221;0px&#8221; dpdfg_entry_meta_line_height=&#8221;1em&#8221; dpdfg_entry_summary_text_align=&#8221;center&#8221; dpdfg_entry_summary_text_color=&#8221;#000000&#8243; dpdfg_entry_summary_font_size=&#8221;20px&#8221; dpdfg_entry_cf_label_text_color=&#8221;#EFEFEF&#8221; dpdfg_entry_cf_value_font=&#8221;&#8211;et_global_heading_font||||||||&#8221; dpdfg_entry_cf_value_text_color=&#8221;#FFFFFF&#8221; dpdfg_entry_cf_value_font_size=&#8221;24px&#8221; dpdfg_entry_cf_value_line_height=&#8221;1.1em&#8221; dpdfg_entry_custom_font=&#8221;|600|||||||&#8221; dpdfg_entry_custom_text_align=&#8221;center&#8221; dpdfg_entry_custom_font_size=&#8221;15px&#8221; background_color=&#8221;RGBA(255,255,255,0)&#8221; custom_read_more_button=&#8221;on&#8221; read_more_button_text_color=&#8221;#FFFFFF&#8221; read_more_button_bg_color=&#8221;#F74B13&#8243; read_more_button_border_width=&#8221;1px&#8221; read_more_button_border_color=&#8221;#FFFFFF&#8221; read_more_button_border_radius=&#8221;20px&#8221; read_more_button_font=&#8221;|||on|||||&#8221; read_more_button_custom_margin=&#8221;30px||30px||false|false&#8221; custom_padding=&#8221;||||false|false&#8221; hover_enabled=&#8221;0&#8243; custom_css_entry-header=&#8221;margin-top: 20px&#8221; custom_css_entry-summary=&#8221;padding-left: 20px; padding-right: 20px&#8221; box_shadow_style=&#8221;preset1&#8243; global_colors_info=&#8221;{}&#8221; read_more_button_bg_color__hover_enabled=&#8221;on|desktop&#8221; read_more_button_bg_color__hover=&#8221;#ce4310&#8243; read_more_button_bg_enable_color__hover=&#8221;on&#8221; sticky_enabled=&#8221;0&#8243;][\/dpdfg_filtergrid][\/et_pb_column][\/et_pb_row][\/et_pb_section][et_pb_section fb_built=&#8221;1&#8243; custom_padding_last_edited=&#8221;on|phone&#8221; _builder_version=&#8221;4.27.4&#8243; _module_preset=&#8221;default&#8221; custom_padding=&#8221;||173px|||&#8221; custom_padding_tablet=&#8221;||100px||false|false&#8221; custom_padding_phone=&#8221;||70px||false|false&#8221; global_colors_info=&#8221;{}&#8221;][et_pb_row _builder_version=&#8221;4.27.4&#8243; _dynamic_attributes=&#8221;link_option_url&#8221; _module_preset=&#8221;default&#8221; use_background_color_gradient=&#8221;on&#8221; background_color_gradient_stops=&#8221;rgba(0,0,0,0.53) 0%|rgba(247,75,19,0) 100%&#8221; background_color_gradient_overlays_image=&#8221;on&#8221; background_image=&#8221;https:\/\/dev-ratubagus.brightonwebdesign-hosting.com\/wp-content\/uploads\/2025\/04\/How-to-visit.jpg&#8221; background_position=&#8221;top_center&#8221; width=&#8221;100%&#8221; max_width=&#8221;100%&#8221; custom_padding=&#8221;100px||300px||false|false&#8221; link_option_url=&#8221;@ET-DC@eyJkeW5hbWljIjp0cnVlLCJjb250ZW50IjoicG9zdF9saW5rX3VybF9wb3N0Iiwic2V0dGluZ3MiOnsicG9zdF9pZCI6Ijg3MCJ9fQ==@&#8221; global_colors_info=&#8221;{}&#8221; background__hover_enabled=&#8221;on|desktop&#8221; background_color_gradient_stops__hover=&#8221;rgba(247,75,19,0.79) 0%|rgba(247,75,19,0.64) 100%&#8221; use_background_color_gradient__hover=&#8221;on&#8221; background_color_gradient_overlays_image__hover=&#8221;on&#8221;][et_pb_column type=&#8221;4_4&#8243; _builder_version=&#8221;4.27.4&#8243; _module_preset=&#8221;default&#8221; global_colors_info=&#8221;{}&#8221;][et_pb_heading title=&#8221;Ashram &#8211; Come Visitarlo&#8221; _builder_version=&#8221;4.27.4&#8243; _module_preset=&#8221;default&#8221; title_level=&#8221;h2&#8243; title_text_align=&#8221;center&#8221; title_text_color=&#8221;#FFFFFF&#8221; title_font_size=&#8221;57px&#8221; custom_margin=&#8221;||10px||false|false&#8221; global_colors_info=&#8221;{}&#8221;][\/et_pb_heading][et_pb_text _builder_version=&#8221;4.27.4&#8243; _module_preset=&#8221;default&#8221; text_text_color=&#8221;#FFFFFF&#8221; text_font_size=&#8221;25px&#8221; text_line_height=&#8221;1.2em&#8221; text_orientation=&#8221;center&#8221; max_width_tablet=&#8221;80%&#8221; max_width_phone=&#8221;90%&#8221; max_width_last_edited=&#8221;on|phone&#8221; module_alignment=&#8221;center&#8221; global_colors_info=&#8221;{}&#8221;]Prenota il tuo soggiorno, trasferimento da\/per l\u2019aeroporto, requisiti per il visto, codice di abbigliamento.<br \/>\n[\/et_pb_text][\/et_pb_column][\/et_pb_row][et_pb_row _builder_version=&#8221;4.27.4&#8243; _module_preset=&#8221;default&#8221; global_colors_info=&#8221;{}&#8221;][et_pb_column type=&#8221;4_4&#8243; _builder_version=&#8221;4.27.4&#8243; _module_preset=&#8221;default&#8221; global_colors_info=&#8221;{}&#8221;][et_pb_image src=&#8221;https:\/\/dev-ratubagus.brightonwebdesign-hosting.com\/wp-content\/uploads\/2025\/04\/Ratu-Bagus-icon.jpg&#8221; alt=&#8221;Icona di Ratu Bagus&#8221; title_text=&#8221;Icona di Ratu Bagus&#8221; align=&#8221;center&#8221; _builder_version=&#8221;4.27.4&#8243; _module_preset=&#8221;default&#8221; custom_margin=&#8221;20px||0px||false|false&#8221; global_colors_info=&#8221;{}&#8221;][\/et_pb_image][et_pb_heading title=&#8221;Agenda e prossimi ritiri in tutto il mondo&#8221; _builder_version=&#8221;4.27.4&#8243; _module_preset=&#8221;default&#8221; title_level=&#8221;h2&#8243; title_text_align=&#8221;center&#8221; title_text_color=&#8221;#F74B13&#8243; title_font_size=&#8221;40px&#8221; title_line_height=&#8221;1.2em&#8221; custom_margin=&#8221;30px||||false|false&#8221; custom_margin_tablet=&#8221;30px||-10px||false|false&#8221; custom_margin_phone=&#8221;40px||-20px||false|false&#8221; custom_margin_last_edited=&#8221;off|desktop&#8221; title_font_size_tablet=&#8221;32px&#8221; title_font_size_phone=&#8221;26px&#8221; title_font_size_last_edited=&#8221;on|phone&#8221; global_colors_info=&#8221;{}&#8221;][\/et_pb_heading][\/et_pb_column][\/et_pb_row][et_pb_row _builder_version=&#8221;4.27.4&#8243; _module_preset=&#8221;default&#8221; global_colors_info=&#8221;{}&#8221;][et_pb_column type=&#8221;4_4&#8243; _builder_version=&#8221;4.27.4&#8243; _module_preset=&#8221;default&#8221; global_colors_info=&#8221;{}&#8221;][dpdfg_filtergrid include_categories=&#8221;5&#8243; post_number=&#8221;6&#8243; order=&#8221;ASC&#8221; thumbnail_size=&#8221;dfg_full&#8221; show_author=&#8221;off&#8221; show_content=&#8221;on&#8221; read_more=&#8221;on&#8221; show_custom_fields=&#8221;on&#8221; custom_fields=&#8221;%91{%22name%22:%22country%22,%22label%22:%22%22},{%22name%22:%22date%22,%22label%22:%22%22}%93&#8243; show_filters=&#8221;off&#8221; show_pagination=&#8221;off&#8221; filters_width=&#8221;3&#8243; items_width=&#8221;30%&#8221; column_gutter=&#8221;3%&#8221; primary_view=&#8221;%91{%22name%22:%22thumbnail%22,%22show%22:%22on%22},{%22name%22:%22overlay%22,%22show%22:%22on%22},{%22name%22:%22title%22,%22show%22:%22off%22},{%22name%22:%22custom_content%22,%22show%22:%22off%22},{%22name%22:%22meta%22,%22show%22:%22off%22},{%22name%22:%22ext%22,%22show%22:%22off%22},{%22name%22:%22content%22,%22show%22:%22off%22},{%22name%22:%22action_button%22,%22show%22:%22off%22},{%22name%22:%22read_more_button%22,%22show%22:%22off%22}%93&#8243; use_overlay_icon=&#8221;off&#8221; hover_overlay_color=&#8221;rgba(0,0,0,0.29)&#8221; bg_items=&#8221;#F1C214&#8243; _builder_version=&#8221;4.27.4&#8243; _module_preset=&#8221;default&#8221; dpdfg_entry_title_text_align=&#8221;center&#8221; dpdfg_entry_title_text_color=&#8221;#FFFFFF&#8221; dpdfg_entry_title_font_size=&#8221;29px&#8221; dpdfg_entry_title_line_height=&#8221;1.3em&#8221; dpdfg_entry_meta_text_align=&#8221;center&#8221; dpdfg_entry_meta_text_color=&#8221;#000000&#8243; dpdfg_entry_meta_font_size=&#8221;0px&#8221; dpdfg_entry_meta_line_height=&#8221;1em&#8221; dpdfg_entry_summary_text_align=&#8221;center&#8221; dpdfg_entry_summary_text_color=&#8221;#000000&#8243; dpdfg_entry_summary_font_size=&#8221;20px&#8221; dpdfg_entry_cf_label_text_color=&#8221;#EFEFEF&#8221; dpdfg_entry_cf_value_font=&#8221;&#8211;et_global_heading_font||||||||&#8221; dpdfg_entry_cf_value_text_color=&#8221;#FFFFFF&#8221; dpdfg_entry_cf_value_font_size=&#8221;24px&#8221; dpdfg_entry_cf_value_line_height=&#8221;1.1em&#8221; dpdfg_entry_custom_font=&#8221;|600|||||||&#8221; dpdfg_entry_custom_text_align=&#8221;center&#8221; dpdfg_entry_custom_font_size=&#8221;15px&#8221; background_color=&#8221;RGBA(255,255,255,0)&#8221; custom_read_more_button=&#8221;on&#8221; read_more_button_text_color=&#8221;#FFFFFF&#8221; read_more_button_bg_color=&#8221;#F74B13&#8243; read_more_button_border_width=&#8221;1px&#8221; read_more_button_border_color=&#8221;#FFFFFF&#8221; read_more_button_border_radius=&#8221;20px&#8221; read_more_button_font=&#8221;|||on|||||&#8221; read_more_button_custom_margin=&#8221;30px||30px||false|false&#8221; custom_padding=&#8221;||||false|false&#8221; custom_css_entry-header=&#8221;margin-top: 20px&#8221; custom_css_entry-summary=&#8221;padding-left: 20px; padding-right: 20px&#8221; box_shadow_style=&#8221;preset1&#8243; global_colors_info=&#8221;{}&#8221; read_more_button_bg_color__hover_enabled=&#8221;on|desktop&#8221; read_more_button_bg_color__hover=&#8221;#ce4310&#8243; read_more_button_bg_enable_color__hover=&#8221;on&#8221;][\/dpdfg_filtergrid][et_pb_button button_url=&#8221;https:\/\/dev-ratubagus.brightonwebdesign-hosting.com\/it\/category\/ritiri\/&#8221; button_text=&#8221;Vedi tutti i ritiri&#8221; button_alignment=&#8221;center&#8221; _builder_version=&#8221;4.27.4&#8243; _module_preset=&#8221;default&#8221; custom_button=&#8221;on&#8221; button_text_size=&#8221;20px&#8221; button_bg_color=&#8221;#F74B13&#8243; button_border_color=&#8221;#F39200&#8243; button_border_radius=&#8221;64px&#8221; button_font=&#8221;|||on|||||&#8221; custom_margin=&#8221;50px||||false|false&#8221; custom_padding=&#8221;|50px||50px|false|false&#8221; global_colors_info=&#8221;{}&#8221; button_bg_color__hover_enabled=&#8221;on|hover&#8221; button_bg_color__hover=&#8221;#F39200&#8243; button_bg_enable_color__hover=&#8221;on&#8221;][\/et_pb_button][\/et_pb_column][\/et_pb_row][\/et_pb_section]<\/p>\n","protected":false},"excerpt":{"rendered":"<p>. . . Om Swastiastu Ratu Bagus Shaking nasce dall&#8217;anima, dai nostri sentimentiLa nostra vera maestra \u00e8 la NaturaSiamo attivi, positivi e creativi!. . . Un messaggio da Ratu La risata \u00e8 felicit\u00e0 Clicca per saperne di pi\u00f9Ratu Bagus \u00e8 un Maestro di Energia che visse e insegn\u00f2 lo Shaking nel suo ashram di Bali. [&hellip;]<\/p>\n","protected":false},"author":1,"featured_media":0,"parent":0,"menu_order":0,"comment_status":"closed","ping_status":"closed","template":"","meta":{"_acf_changed":false,"_et_pb_use_builder":"on","_et_pb_old_content":"","_et_gb_content_width":"","footnotes":""},"categories":[],"tags":[],"class_list":["post-2235","page","type-page","status-publish","hentry"],"acf":[],"publishpress_future_action":{"enabled":false,"date":"2026-04-20 07:47:42","action":"change-status","newStatus":"draft","terms":[],"taxonomy":"category","extraData":[]},"publishpress_future_workflow_manual_trigger":{"enabledWorkflows":[]},"_links":{"self":[{"href":"https:\/\/dev-ratubagus.brightonwebdesign-hosting.com\/it\/wp-json\/wp\/v2\/pages\/2235","targetHints":{"allow":["GET"]}}],"collection":[{"href":"https:\/\/dev-ratubagus.brightonwebdesign-hosting.com\/it\/wp-json\/wp\/v2\/pages"}],"about":[{"href":"https:\/\/dev-ratubagus.brightonwebdesign-hosting.com\/it\/wp-json\/wp\/v2\/types\/page"}],"author":[{"embeddable":true,"href":"https:\/\/dev-ratubagus.brightonwebdesign-hosting.com\/it\/wp-json\/wp\/v2\/users\/1"}],"replies":[{"embeddable":true,"href":"https:\/\/dev-ratubagus.brightonwebdesign-hosting.com\/it\/wp-json\/wp\/v2\/comments?post=2235"}],"version-history":[{"count":33,"href":"https:\/\/dev-ratubagus.brightonwebdesign-hosting.com\/it\/wp-json\/wp\/v2\/pages\/2235\/revisions"}],"predecessor-version":[{"id":6252,"href":"https:\/\/dev-ratubagus.brightonwebdesign-hosting.com\/it\/wp-json\/wp\/v2\/pages\/2235\/revisions\/6252"}],"wp:attachment":[{"href":"https:\/\/dev-ratubagus.brightonwebdesign-hosting.com\/it\/wp-json\/wp\/v2\/media?parent=2235"}],"wp:term":[{"taxonomy":"category","embeddable":true,"href":"https:\/\/dev-ratubagus.brightonwebdesign-hosting.com\/it\/wp-json\/wp\/v2\/categories?post=2235"},{"taxonomy":"post_tag","embeddable":true,"href":"https:\/\/dev-ratubagus.brightonwebdesign-hosting.com\/it\/wp-json\/wp\/v2\/tags?post=2235"}],"curies":[{"name":"wp","href":"https:\/\/api.w.org\/{rel}","templated":true}]}}